{"id":5686,"date":"2023-05-04T01:37:00","date_gmt":"2023-05-04T04:37:00","guid":{"rendered":"https:\/\/congresoveterinario.com.ar\/2026\/?page_id=5686"},"modified":"2026-03-06T16:39:18","modified_gmt":"2026-03-06T19:39:18","slug":"acreditaciones","status":"publish","type":"page","link":"https:\/\/congresoveterinario.com.ar\/2026\/acreditaciones\/","title":{"rendered":"Acreditaciones"},"content":{"rendered":"<section class=\"wpb-content-wrapper\">[vc_row full_width=&#8221;stretch_row_content&#8221; equal_height=&#8221;yes&#8221; content_placement=&#8221;top&#8221; css=&#8221;.vc_custom_1712612060349{padding-right: 10% !important;padding-left: 10% !important;}&#8221;][vc_column width=&#8221;1\/3&#8243; css=&#8221;.vc_custom_1683214094458{border-right-width: 1px !important;border-right-color: #f2f2f2 !important;border-right-style: solid !important;}&#8221;][wgl_info_box ib_type=&#8221;fill&#8221; ib_layout=&#8221;top_left&#8221; icon_type=&#8221;font&#8221; icon_font_type=&#8221;type_flaticon&#8221; icon_flaticon=&#8221;flaticon-ticket-1&#8243; icon_color=&#8221;#ff7900&#8243; icon_color_hover=&#8221;#208e39&#8243; title_weight=&#8221;700&#8243; ib_title=&#8221;\u00bfYa contas con tu c\u00f3digo?&#8221; ib_subtitle=&#8221;Validalo aqu\u00ed y obten\u00e9 tu QR de acceso.&#8221; custom_icon_size=&#8221;70&#8243; custom_icon_color=&#8221;true&#8221;][vc_column_text]\n<div class=\"iframe-container\"><iframe loading=\"lazy\" style=\"min-height: 640px;\" src=\"https:\/\/passwheel.web.app\/registration-form\/OKzsLVappdZh0wRQ22M3\/register-form\" width=\"100%\" height=\"640\" frameborder=\"0\" scrolling=\"yes\" align=\"center\" allowfullscreen=\"allowfullscreen\"><\/iframe><\/div>\n[\/vc_column_text][\/vc_column][vc_column width=&#8221;1\/3&#8243; css=&#8221;.vc_custom_1683287269178{border-left-width: 1px !important;padding-right: 1px !important;border-left-color: #f2f2f2 !important;border-left-style: solid !important;}&#8221;][wgl_info_box ib_type=&#8221;fill&#8221; ib_layout=&#8221;top_left&#8221; icon_type=&#8221;font&#8221; icon_font_type=&#8221;type_flaticon&#8221; icon_flaticon=&#8221;flaticon-discount&#8221; icon_color=&#8221;#ff7900&#8243; icon_color_hover=&#8221;#208e39&#8243; title_weight=&#8221;700&#8243; ib_title=&#8221;\u00bfNecesitas comprar tu entrada?&#8221; ib_subtitle=&#8221;Pod\u00e9s adquirir la tuya haciendo clic aqu\u00ed.&#8221; custom_icon_size=&#8221;70&#8243; custom_icon_color=&#8221;true&#8221;][wgl_button button_text=&#8221;Comprar tu Entrada&#8221; align=&#8221;center&#8221; shadow_style=&#8221;on_hover&#8221; icon_type=&#8221;font&#8221; icon_font_type=&#8221;type_flaticon&#8221; icon_flaticon=&#8221;flaticon-click&#8221; customize=&#8221;color&#8221; text_color=&#8221;#ffffff&#8221; text_color_hover=&#8221;#ff7900&#8243; bg_color=&#8221;#ff7900&#8243; bg_color_hover=&#8221;#ffffff&#8221; border_color=&#8221;#ff7900&#8243; border_color_hover=&#8221;#ff7900&#8243; link=&#8221;url:https%3A%2F%2Fwww.eventbrite.com.ar%2Fe%2Fcongreso-veterinario-drovet-2026-tickets-1982896377443%3Faff%3Doddtdtcreator|target:_blank&#8221;][vc_single_image image=&#8221;4025&#8243; img_size=&#8221;full&#8221; alignment=&#8221;center&#8221;][\/vc_column][vc_column width=&#8221;1\/3&#8243; css=&#8221;.vc_custom_1683287263502{border-left-width: 1px !important;border-left-color: #f2f2f2 !important;border-left-style: solid !important;}&#8221;][wgl_info_box ib_type=&#8221;fill&#8221; ib_layout=&#8221;top_left&#8221; icon_type=&#8221;font&#8221; icon_font_type=&#8221;type_flaticon&#8221; icon_flaticon=&#8221;flaticon-user-1&#8243; icon_color=&#8221;#ff7900&#8243; icon_color_hover=&#8221;#208e39&#8243; title_weight=&#8221;700&#8243; ib_title=&#8221;\u00bfSos expositor?&#8221; ib_subtitle=&#8221;Acreditate e inf\u00f3rmate sobre las bases y condiciones.&#8221; custom_icon_size=&#8221;70&#8243; custom_icon_color=&#8221;true&#8221;][vc_column_text]\n<div class=\"iframe-container\"><iframe loading=\"lazy\" style=\"min-height: 640px;\" src=\"https:\/\/passwheel.web.app\/registration-form\/OKzsLVappdZh0wRQ22M3\/register-expo\" width=\"100%\" height=\"640\" frameborder=\"0\" scrolling=\"yes\" align=\"center\" allowfullscreen=\"allowfullscreen\"><\/iframe><\/div>\n[\/vc_column_text][\/vc_column][\/vc_row][vc_row][vc_column][wgl_spacing spacer_size=&#8221;40px&#8221;][\/vc_column][\/vc_row]\n<\/section>","protected":false},"excerpt":{"rendered":"<p>[vc_row full_width=&#8221;stretch_row_content&#8221; equal_height=&#8221;yes&#8221; content_placement=&#8221;top&#8221; css=&#8221;.vc_custom_1712612060349{padding-right: 10% !important;padding-left: 10% !important;}&#8221;][vc_column width=&#8221;1\/3&#8243; css=&#8221;.vc_custom_1683214094458{border-right-width: 1px !important;border-right-color: #f2f2f2 !important;border-right-style: solid !important;}&#8221;][wgl_info_box ib_type=&#8221;fill&#8221; ib_layout=&#8221;top_left&#8221; icon_type=&#8221;font&#8221; icon_font_type=&#8221;type_flaticon&#8221; icon_flaticon=&#8221;flaticon-ticket-1&#8243; icon_color=&#8221;#ff7900&#8243; icon_color_hover=&#8221;#208e39&#8243; title_weight=&#8221;700&#8243; ib_title=&#8221;\u00bfYa contas con tu c\u00f3digo?&#8221; ib_subtitle=&#8221;Validalo aqu\u00ed y obten\u00e9 tu QR de acceso.&#8221; custom_icon_size=&#8221;70&#8243; custom_icon_color=&#8221;true&#8221;][vc_column_text] [\/vc_column_text][\/vc_column][vc_column width=&#8221;1\/3&#8243; css=&#8221;.vc_custom_1683287269178{border-left-width: 1px !important;padding-right: 1px !important;border-left-color: #f2f2f2 !important;border-left-style: solid !important;}&#8221;][wgl_info_box ib_type=&#8221;fill&#8221; ib_layout=&#8221;top_left&#8221; icon_type=&#8221;font&#8221; icon_font_type=&#8221;type_flaticon&#8221; [&hellip;]<\/p>\n","protected":false},"author":3,"featured_media":0,"parent":0,"menu_order":0,"comment_status":"closed","ping_status":"closed","template":"","meta":{"footnotes":""},"class_list":["post-5686","page","type-page","status-publish","hentry"],"_links":{"self":[{"href":"https:\/\/congresoveterinario.com.ar\/2026\/wp-json\/wp\/v2\/pages\/5686","targetHints":{"allow":["GET"]}}],"collection":[{"href":"https:\/\/congresoveterinario.com.ar\/2026\/wp-json\/wp\/v2\/pages"}],"about":[{"href":"https:\/\/congresoveterinario.com.ar\/2026\/wp-json\/wp\/v2\/types\/page"}],"author":[{"embeddable":true,"href":"https:\/\/congresoveterinario.com.ar\/2026\/wp-json\/wp\/v2\/users\/3"}],"replies":[{"embeddable":true,"href":"https:\/\/congresoveterinario.com.ar\/2026\/wp-json\/wp\/v2\/comments?post=5686"}],"version-history":[{"count":4,"href":"https:\/\/congresoveterinario.com.ar\/2026\/wp-json\/wp\/v2\/pages\/5686\/revisions"}],"predecessor-version":[{"id":7651,"href":"https:\/\/congresoveterinario.com.ar\/2026\/wp-json\/wp\/v2\/pages\/5686\/revisions\/7651"}],"wp:attachment":[{"href":"https:\/\/congresoveterinario.com.ar\/2026\/wp-json\/wp\/v2\/media?parent=5686"}],"curies":[{"name":"wp","href":"https:\/\/api.w.org\/{rel}","templated":true}]}}