{"id":7661,"date":"2026-03-07T00:01:29","date_gmt":"2026-03-07T03:01:29","guid":{"rendered":"https:\/\/congresoveterinario.com.ar\/2026\/?page_id=7661"},"modified":"2026-03-07T00:31:22","modified_gmt":"2026-03-07T03:31:22","slug":"trabajos-cientificos","status":"publish","type":"page","link":"https:\/\/congresoveterinario.com.ar\/2026\/trabajos-cientificos\/","title":{"rendered":"Trabajos Cientificos"},"content":{"rendered":"<section class=\"wpb-content-wrapper\">[vc_row equal_height=&#8221;yes&#8221; content_placement=&#8221;middle&#8221;][vc_column width=&#8221;7\/12&#8243; css=&#8221;.vc_custom_1683216084830{border-right-width: 1px !important;border-right-color: #f2f2f2 !important;border-right-style: solid !important;}&#8221;][wgl_custom_text font_size=&#8221;40&#8243; line_height=&#8221;52&#8243; line_height_mobile=&#8221;44&#8243; responsive_font_mobile=&#8221;true&#8221; font_size_mobile=&#8221;32&#8243;]\n<h2>Trabajos Cient\u00edficos y Presentaciones Libres<\/h2>\n[\/wgl_custom_text][vc_column_text]Tu trabajo puede marcar la diferencia.<\/p>\n<p>&#8211; Modalidad P\u00f3ster<br \/>\n&#8211; Opci\u00f3n a Premio<br \/>\n&#8211; Evaluaci\u00f3n por Comit\u00e9 Cient\u00edfico<br \/>\n<strong>Cierre de recepci\u00f3n: 30 de Abril de 2026<\/strong>[\/vc_column_text][\/vc_column][vc_column width=&#8221;5\/12&#8243; css=&#8221;.vc_custom_1683215984253{border-left-width: 1px !important;border-left-color: #f2f2f2 !important;border-left-style: solid !important;}&#8221;][wgl_info_box ib_type=&#8221;fill&#8221; ib_layout=&#8221;top_left&#8221; icon_type=&#8221;font&#8221; icon_font_type=&#8221;type_flaticon&#8221; icon_flaticon=&#8221;flaticon-mouse-2&#8243; icon_color=&#8221;#ff7900&#8243; icon_color_hover=&#8221;#208e39&#8243; title_weight=&#8221;700&#8243; ib_title=&#8221;Bases y Condiciones&#8221; ib_subtitle=&#8221;S\u00e9 parte del espacio donde la ciencia veterinaria evoluciona.&#8221; custom_icon_size=&#8221;70&#8243; custom_icon_color=&#8221;true&#8221;][wgl_button button_text=&#8221;Descarg\u00e1 las Bases y Condiciones&#8221; align=&#8221;center&#8221; shadow_style=&#8221;on_hover&#8221; icon_type=&#8221;font&#8221; icon_font_type=&#8221;type_flaticon&#8221; icon_flaticon=&#8221;flaticon-user-1&#8243; customize=&#8221;color&#8221; text_color=&#8221;#ffffff&#8221; text_color_hover=&#8221;#ff7900&#8243; bg_color=&#8221;#ff7900&#8243; bg_color_hover=&#8221;#ffffff&#8221; border_color=&#8221;#ff7900&#8243; border_color_hover=&#8221;#ff7900&#8243; link=&#8221;url:https%3A%2F%2Fcongresoveterinario.com.ar%2F2026%2Fwp-content%2Fuploads%2F2026%2F03%2FBases-y-condiciones.pdf|target:_blank&#8221;][\/vc_column][\/vc_row][vc_row][vc_column][wgl_spacing spacer_size=&#8221;70&#8243;][\/vc_column][\/vc_row][vc_row el_class=&#8221;box-shadow z-index-1 ohidden&#8221; css=&#8221;.vc_custom_1772852529680{margin-right: -5% !important;margin-left: -5% !important;padding-top: 4% !important;padding-right: 10% !important;padding-bottom: 10% !important;padding-left: 10% !important;background-color: #ffffff !important;border-radius: 15px !important;}&#8221;][vc_column][wgl_double_headings align=&#8221;center&#8221; title_size=&#8221;45px&#8221; title_weight=&#8221;700&#8243; title_color=&#8221;#F0831B&#8221; subtitle_line_height=&#8221;30px&#8221; subtitle_color=&#8221;#F0831B&#8221; bgtitle_color=&#8221;#f3f3f3&#8243; title=&#8221;Envianos tu Trabajo&#8221; bg_responsive_font=&#8221;true&#8221; bg_font_size_mobile=&#8221;100&#8243; responsive_font=&#8221;true&#8221; font_size_mobile=&#8221;30&#8243;][wgl_spacing spacer_size=&#8221;15&#8243;][vc_column_text]\n<p style=\"text-align: center;\">El Congreso Veterinario Drovet abre la presentaci\u00f3n de Trabajos Cient\u00edficos y Comunicaciones Libres.<\/p>\n[\/vc_column_text][wgl_spacing spacer_size=&#8221;50&#8243;]\n<div class=\"wpcf7 no-js\" id=\"wpcf7-f7677-o1\" lang=\"en-US\" dir=\"ltr\" data-wpcf7-id=\"7677\">\n<div class=\"screen-reader-response\"><p role=\"status\" aria-live=\"polite\" aria-atomic=\"true\"><\/p> <ul><\/ul><\/div>\n<form action=\"\/2026\/wp-json\/wp\/v2\/pages\/7661#wpcf7-f7677-o1\" method=\"post\" class=\"wpcf7-form init\" aria-label=\"Contact form\" enctype=\"multipart\/form-data\" novalidate=\"novalidate\" data-status=\"init\">\n<fieldset class=\"hidden-fields-container\"><input type=\"hidden\" name=\"_wpcf7\" value=\"7677\" \/><input type=\"hidden\" name=\"_wpcf7_version\" value=\"6.1.5\" \/><input type=\"hidden\" name=\"_wpcf7_locale\" value=\"en_US\" \/><input type=\"hidden\" name=\"_wpcf7_unit_tag\" value=\"wpcf7-f7677-o1\" \/><input type=\"hidden\" name=\"_wpcf7_container_post\" value=\"0\" \/><input type=\"hidden\" name=\"_wpcf7_posted_data_hash\" value=\"\" \/><input type=\"hidden\" name=\"_wpcf7_recaptcha_response\" value=\"\" \/>\n<\/fieldset>\n<div class='row'>\n\t<div class='wgl_col-6'>\n\t\t<p><span class=\"wpcf7-form-control-wrap\" data-name=\"nombre\"><input size=\"40\" maxlength=\"400\" class=\"wpcf7-form-control wpcf7-text wpcf7-validates-as-required\" aria-required=\"true\" aria-invalid=\"false\" placeholder=\"Nombre Completo *\" value=\"\" type=\"text\" name=\"nombre\" \/><\/span><i class=\"form-icon flaticon-user\"><\/i>\n\t\t<\/p>\n\t<\/div>\n\t<div class='wgl_col-6'>\n\t\t<p><span class=\"wpcf7-form-control-wrap\" data-name=\"email\"><input size=\"40\" maxlength=\"400\" class=\"wpcf7-form-control wpcf7-email wpcf7-validates-as-required wpcf7-text wpcf7-validates-as-email\" aria-required=\"true\" aria-invalid=\"false\" placeholder=\"Email *\" value=\"\" type=\"email\" name=\"email\" \/><\/span><i class=\"form-icon flaticon-mail\"><\/i>\n\t\t<\/p>\n\t<\/div>\n\t<div class='wgl_col-6'>\n\t\t<p><span class=\"wpcf7-form-control-wrap\" data-name=\"telefono\"><input size=\"40\" maxlength=\"400\" class=\"wpcf7-form-control wpcf7-tel wpcf7-validates-as-required wpcf7-text wpcf7-validates-as-tel\" aria-required=\"true\" aria-invalid=\"false\" placeholder=\"Tel\u00e9fono de contacto *\" value=\"\" type=\"tel\" name=\"telefono\" \/><\/span><i class=\"form-icon flaticon-phone\"><\/i>\n\t\t<\/p>\n\t<\/div>\n\t<div class='wgl_col-6'>\n\t\t<p><span class=\"wpcf7-form-control-wrap\" data-name=\"ciudad\"><input size=\"40\" maxlength=\"400\" class=\"wpcf7-form-control wpcf7-text\" aria-invalid=\"false\" placeholder=\"Ciudad \/ Localidad\" value=\"\" type=\"text\" name=\"ciudad\" \/><\/span><i class=\"form-icon flaticon-placeholder\"><\/i>\n\t\t<\/p>\n\t<\/div>\n\t<div class='wgl_col-12'>\n\t\t<p><span class=\"wpcf7-form-control-wrap\" data-name=\"poster\"><input size=\"40\" class=\"wpcf7-form-control wpcf7-file wpcf7-validates-as-required\" accept=\".pdf,.doc,.docx,.jpg,.png\" aria-required=\"true\" aria-invalid=\"false\" type=\"file\" name=\"poster\" \/><\/span>\n\t\t<\/p>\n\t<\/div>\n\t<div class='wgl_col-12'>\n\t\t<p><span class=\"wpcf7-form-control-wrap\" data-name=\"consulta\"><textarea cols=\"40\" rows=\"5\" maxlength=\"2000\" class=\"wpcf7-form-control wpcf7-textarea\" aria-invalid=\"false\" placeholder=\"Detalle las observaciones y\/o consultas necesarias\" name=\"consulta\"><\/textarea><\/span>\n\t\t<\/p>\n\t<\/div>\n<\/div>\n<p><input class=\"wpcf7-form-control wpcf7-submit has-spinner\" type=\"submit\" value=\"ENVIAR TRABAJO\" \/>\n<\/p><p style=\"display: none !important;\" class=\"akismet-fields-container\" data-prefix=\"_wpcf7_ak_\"><label>&#916;<textarea name=\"_wpcf7_ak_hp_textarea\" cols=\"45\" rows=\"8\" maxlength=\"100\"><\/textarea><\/label><input type=\"hidden\" id=\"ak_js_1\" name=\"_wpcf7_ak_js\" value=\"98\"\/><script>document.getElementById( \"ak_js_1\" ).setAttribute( \"value\", ( new Date() ).getTime() );<\/script><\/p><div class=\"wpcf7-response-output\" aria-hidden=\"true\"><\/div>\n<\/form>\n<\/div>\n[\/vc_column][\/vc_row][vc_row][vc_column][wgl_spacing spacer_size=&#8221;20&#8243;][\/vc_column][\/vc_row]\n<\/section>","protected":false},"excerpt":{"rendered":"<p>[vc_row equal_height=&#8221;yes&#8221; content_placement=&#8221;middle&#8221;][vc_column width=&#8221;7\/12&#8243; css=&#8221;.vc_custom_1683216084830{border-right-width: 1px !important;border-right-color: #f2f2f2 !important;border-right-style: solid !important;}&#8221;][wgl_custom_text font_size=&#8221;40&#8243; line_height=&#8221;52&#8243; line_height_mobile=&#8221;44&#8243; responsive_font_mobile=&#8221;true&#8221; font_size_mobile=&#8221;32&#8243;] Trabajos Cient\u00edficos y Presentaciones Libres [\/wgl_custom_text][vc_column_text]Tu trabajo puede marcar la diferencia. &#8211; Modalidad P\u00f3ster &#8211; Opci\u00f3n a Premio &#8211; Evaluaci\u00f3n por Comit\u00e9 Cient\u00edfico Cierre de recepci\u00f3n: 30 de Abril de 2026[\/vc_column_text][\/vc_column][vc_column width=&#8221;5\/12&#8243; css=&#8221;.vc_custom_1683215984253{border-left-width: 1px !important;border-left-color: #f2f2f2 !important;border-left-style: solid !important;}&#8221;][wgl_info_box [&hellip;]<\/p>\n","protected":false},"author":2,"featured_media":0,"parent":0,"menu_order":0,"comment_status":"closed","ping_status":"closed","template":"","meta":{"footnotes":""},"class_list":["post-7661","page","type-page","status-publish","hentry"],"_links":{"self":[{"href":"https:\/\/congresoveterinario.com.ar\/2026\/wp-json\/wp\/v2\/pages\/7661","targetHints":{"allow":["GET"]}}],"collection":[{"href":"https:\/\/congresoveterinario.com.ar\/2026\/wp-json\/wp\/v2\/pages"}],"about":[{"href":"https:\/\/congresoveterinario.com.ar\/2026\/wp-json\/wp\/v2\/types\/page"}],"author":[{"embeddable":true,"href":"https:\/\/congresoveterinario.com.ar\/2026\/wp-json\/wp\/v2\/users\/2"}],"replies":[{"embeddable":true,"href":"https:\/\/congresoveterinario.com.ar\/2026\/wp-json\/wp\/v2\/comments?post=7661"}],"version-history":[{"count":14,"href":"https:\/\/congresoveterinario.com.ar\/2026\/wp-json\/wp\/v2\/pages\/7661\/revisions"}],"predecessor-version":[{"id":7678,"href":"https:\/\/congresoveterinario.com.ar\/2026\/wp-json\/wp\/v2\/pages\/7661\/revisions\/7678"}],"wp:attachment":[{"href":"https:\/\/congresoveterinario.com.ar\/2026\/wp-json\/wp\/v2\/media?parent=7661"}],"curies":[{"name":"wp","href":"https:\/\/api.w.org\/{rel}","templated":true}]}}